{"id":3365,"date":"2014-02-04T16:11:05","date_gmt":"2014-02-04T15:11:05","guid":{"rendered":"https:\/\/grupaset.pl\/setkiinspiracji\/?page_id=3365"},"modified":"2018-03-07T23:01:43","modified_gmt":"2018-03-07T22:01:43","slug":"kontakt","status":"publish","type":"page","link":"https:\/\/grupaset.pl\/setkiinspiracji\/kontakt\/","title":{"rendered":"Kontakt"},"content":{"rendered":"<div class=\"spacer\" style=\"height:10px\"><\/div>\n<h1 style=\"text-align: center;\"><span style=\"color: #f67828;\">Zapraszamy do kontaktu<\/span><\/h1>\n<div class=\"spacer\" style=\"height:10px\"><\/div>\n<div class=\"column column-1-2\">\n<h3 style=\"text-align: center;\">Rozwi\u0105zania dla klient\u00f3w korporacyjnych<\/h3>\n<h3 style=\"text-align: center;\"><i style=\"color:#f67828; font-size:20px\" class=\"moon-phone-4\"><\/i>\u00a0\u00a0\u00a0+48 22 257 87 97<br \/>\n<i style=\"color:#f67828; font-size:20px\" class=\"moon-envelop-opened\"><\/i>\u00a0\u00a0\u00a0<a href=\"mailto:biuro@grupaset.pl\">biuro@grupaset.pl<\/a><\/h3>\n<\/div>\n<div class=\"column column-1-2 column-last\">\n<h3 style=\"text-align: center;\">Rozwi\u0105zania dla klient\u00f3w indywidualnych<\/h3>\n<h3 style=\"text-align: center;\"><i style=\"color:#f67828; font-size:20px\" class=\"moon-phone-4\"><\/i>\u00a0\u00a0\u00a0+48 669 301 300<br \/>\n<i style=\"color:#f67828; font-size:20px\" class=\"moon-envelop-opened\"><\/i>\u00a0\u00a0\u00a0<a href=\"mailto:gabriela.sawczuk@grupaset.pl\">gabriela.sawczuk@grupaset.pl<\/a><\/h3>\n<\/div><div class=\"clear\"><\/div>\n<div class=\"spacer\" style=\"height:30px\"><\/div>\n<div class=\"background-block\" style=\"background-color:#f1f1f1;  margin-top:0px; margin-bottom:0px; padding-top:20px; padding-bottom:0px; text-align:center;\"><div class=\"background-block-container\">\n<div class=\"spacer\" style=\"height:30px\"><\/div>\n<div class=\"column column-3-5\">\n<h1 style=\"text-align: center;\"><span style=\"color: #f67828;\">Formularz kontaktu<\/span><\/h1>\n<h4 style=\"text-align: center;\">Chcesz zapyta\u0107 lub przes\u0142a\u0107 opini\u0119? Skorzystaj z formularza.<\/h4>\n\n<div class=\"wpcf7 no-js\" id=\"wpcf7-f49217-o1\" lang=\"pl-PL\" dir=\"ltr\" data-wpcf7-id=\"49217\">\n<div class=\"screen-reader-response\"><p role=\"status\" aria-live=\"polite\" aria-atomic=\"true\"><\/p> <ul><\/ul><\/div>\n<form action=\"\/setkiinspiracji\/wp-json\/wp\/v2\/pages\/3365#wpcf7-f49217-o1\" method=\"post\" class=\"wpcf7-form init\" aria-label=\"Formularz kontaktowy\" novalidate=\"novalidate\" data-status=\"init\">\n<fieldset class=\"hidden-fields-container\"><input type=\"hidden\" name=\"_wpcf7\" value=\"49217\" \/><input type=\"hidden\" name=\"_wpcf7_version\" value=\"6.1.2\" \/><input type=\"hidden\" name=\"_wpcf7_locale\" value=\"pl_PL\" \/><input type=\"hidden\" name=\"_wpcf7_unit_tag\" value=\"wpcf7-f49217-o1\" \/><input type=\"hidden\" name=\"_wpcf7_container_post\" value=\"0\" \/><input type=\"hidden\" name=\"_wpcf7_posted_data_hash\" value=\"\" \/>\n<\/fieldset>\n<div>\n\t<p><span class=\"wpcf7-form-control-wrap\" data-name=\"your-name\"><input size=\"40\" maxlength=\"400\" class=\"wpcf7-form-control wpcf7-text wpcf7-validates-as-required\" aria-required=\"true\" aria-invalid=\"false\" placeholder=\"Imi\u0119 i nazwisko*\" value=\"\" type=\"text\" name=\"your-name\" \/><\/span>\n\t<\/p>\n<\/div>\n<div>\n\t<p><span class=\"wpcf7-form-control-wrap\" data-name=\"your-email\"><input size=\"40\" maxlength=\"400\" class=\"wpcf7-form-control wpcf7-email wpcf7-validates-as-required wpcf7-text wpcf7-validates-as-email\" aria-required=\"true\" aria-invalid=\"false\" placeholder=\"Adres e-mail*\" value=\"\" type=\"email\" name=\"your-email\" \/><\/span>\n\t<\/p>\n<\/div>\n<div>\n\t<p><span class=\"wpcf7-form-control-wrap\" data-name=\"your-subject\"><input size=\"40\" maxlength=\"400\" class=\"wpcf7-form-control wpcf7-text wpcf7-validates-as-required\" aria-required=\"true\" aria-invalid=\"false\" placeholder=\"Telefon kontaktowy\" value=\"\" type=\"text\" name=\"your-subject\" \/><\/span>\n\t<\/p>\n<\/div>\n<div>\n\t<p><span class=\"wpcf7-form-control-wrap\" data-name=\"your-message\"><textarea cols=\"40\" rows=\"10\" maxlength=\"2000\" class=\"wpcf7-form-control wpcf7-textarea\" aria-invalid=\"false\" placeholder=\"Twoja wiadomo\u015b\u0107*\" name=\"your-message\"><\/textarea><\/span>\n\t<\/p>\n<\/div>\n<div style=\"text-align: center;\">\n\t<p><input class=\"wpcf7-form-control wpcf7-submit has-spinner\" type=\"submit\" value=\"Wy\u015blij wiadomo\u015b\u0107\" \/>\n\t<\/p>\n<\/div><div class=\"wpcf7-response-output\" aria-hidden=\"true\"><\/div>\n<\/form>\n<\/div>\n\n<div class=\"spacer\" style=\"height:30px\"><\/div>\n<\/div>\n<div class=\"column column-2-5 column-last\">\n<h1 style=\"text-align: center;\"><span style=\"color: #f67828;\">Newsletter<\/span><\/h1>\n<h4 style=\"text-align: center;\">Chcesz nas bli\u017cej pozna\u0107?<\/h4>\n<h4 style=\"text-align: center;\">Nie musisz nigdzie szuka\u0107.<br \/>\nOtrzymasz od nas ciekawe artyku\u0142y,<br \/>\nbezp\u0142atne materia\u0142y oraz<br \/>\ninformacje\u00a0o nowo\u015bciach<br \/>\nw Grupie SET.<br \/>\n<div class=\"spacer\" style=\"height:15px\"><\/div>\n<iframe loading=\"lazy\" id=\"salesmanagoIframe\" style=\"margin: 0; padding: 0; width: 250px; height: 140px; overflow-y: hidden; overflow-x: hidden; border: none; background: #f1f1f1;\" src=\"http:\/\/www.salesmanago.pl\/cf\/gwxspv7h6n030xei\/Newsletter_static.htm\" width=\"300\" height=\"150\" scrolling=\"no\"><\/iframe><br \/>\n<\/h4>\n<\/div><div class=\"clear\"><\/div>\n<p style=\"text-align: center;\">Grupa SET sp. z o.o. informuje, \u017ce dane osobowe zamieszczone w formularzu b\u0119d\u0105 przetwarzane wy\u0142\u0105cznie w celu udzielenia odpowiedzi na przes\u0142an\u0105 wiadomo\u015b\u0107. Dane nie b\u0119d\u0105 udost\u0119pniane odbiorcom danych w rozumieniu art.7 pkt.6 ustawy z 18 lipca 2002 r. o \u015bwiadczeniu us\u0142ug drog\u0105 elektroniczn\u0105. Ma Pani\/Pan prawo dost\u0119pu do\u202ftre\u015bci danych oraz\u202fmo\u017cliwo\u015b\u0107 ich poprawiania. Podanie danych jest dobrowolne. Administratorem danych jest Grupa SET sp. z o.o. z siedzib\u0105 w Warszawie, ul.Jana Kazimierza 45 lok.AD0106.<\/p>\n<div class=\"spacer\" style=\"height:30px\"><\/div>\n<\/div><\/div>\n<div class=\"crunchify-social\"><h5>Udost\u0119pnij<\/h5><a class=\"ikon-share-gs\" href=\"https:\/\/www.facebook.com\/sharer\/sharer.php?u=https%3A%2F%2Fgrupaset.pl%2Fsetkiinspiracji%2Fkontakt%2F\" target=\"_blank\"><i style=\"color:#3b5999; font-size:30px\" class=\"moon-facebook-2\"><\/i><\/a><a class=\"ikon-share-gs\" href=\"https:\/\/twitter.com\/intent\/tweet?text=Kontakt&amp;url=https%3A%2F%2Fgrupaset.pl%2Fsetkiinspiracji%2Fkontakt%2F&amp;via=Crunchify\" target=\"_blank\"><i style=\"color:#1dcaff; font-size:30px\" class=\"moon-twitter-2\"><\/i><\/a><a class=\"ikon-share-gs\" href=\"https:\/\/plus.google.com\/share?url=https%3A%2F%2Fgrupaset.pl%2Fsetkiinspiracji%2Fkontakt%2F\" target=\"_blank\"><i style=\"color:#d34836; font-size:30px\" class=\"moon-google-plus-3\"><\/i><\/a><a class=\"ikon-share-gs\" href=\"https:\/\/www.linkedin.com\/shareArticle?mini=true&url=https%3A%2F%2Fgrupaset.pl%2Fsetkiinspiracji%2Fkontakt%2F&amp;title=Kontakt\" target=\"_blank\"><i style=\"color:#007bb5; font-size:30px\" class=\"moon-linkedin\"><\/i><\/a><\/div>","protected":false},"excerpt":{"rendered":"<p>Zapraszamy do kontaktu Udost\u0119pnij<\/p>\n","protected":false},"author":80,"featured_media":0,"parent":0,"menu_order":60,"comment_status":"open","ping_status":"closed","template":"","meta":{"footnotes":""},"class_list":["post-3365","page","type-page","status-publish","hentry"],"_links":{"self":[{"href":"https:\/\/grupaset.pl\/setkiinspiracji\/wp-json\/wp\/v2\/pages\/3365","targetHints":{"allow":["GET"]}}],"collection":[{"href":"https:\/\/grupaset.pl\/setkiinspiracji\/wp-json\/wp\/v2\/pages"}],"about":[{"href":"https:\/\/grupaset.pl\/setkiinspiracji\/wp-json\/wp\/v2\/types\/page"}],"author":[{"embeddable":true,"href":"https:\/\/grupaset.pl\/setkiinspiracji\/wp-json\/wp\/v2\/users\/80"}],"replies":[{"embeddable":true,"href":"https:\/\/grupaset.pl\/setkiinspiracji\/wp-json\/wp\/v2\/comments?post=3365"}],"version-history":[{"count":41,"href":"https:\/\/grupaset.pl\/setkiinspiracji\/wp-json\/wp\/v2\/pages\/3365\/revisions"}],"predecessor-version":[{"id":50583,"href":"https:\/\/grupaset.pl\/setkiinspiracji\/wp-json\/wp\/v2\/pages\/3365\/revisions\/50583"}],"wp:attachment":[{"href":"https:\/\/grupaset.pl\/setkiinspiracji\/wp-json\/wp\/v2\/media?parent=3365"}],"curies":[{"name":"wp","href":"https:\/\/api.w.org\/{rel}","templated":true}]}}